{"id":430,"date":"2023-04-09T18:58:46","date_gmt":"2023-04-09T18:58:46","guid":{"rendered":"https:\/\/www.alto.ski\/it\/?page_id=430"},"modified":"2023-04-09T19:01:58","modified_gmt":"2023-04-09T19:01:58","slug":"assicurazione-sci","status":"publish","type":"page","link":"https:\/\/www.alto.ski\/it\/aiuto\/assicurazione-sci\/","title":{"rendered":"Assicurazione sci con Alto.Ski+"},"content":{"rendered":"\n<p>Dal 1\u00b0 Gennaio 2022, \u00e8 obbligatorio per tutti gli sciatori stipulare un\u2019assicurazione con responsabilit\u00e0 civile verso terzi (D.L. n. 40 del 28 febbraio 2021).<\/p>\n\n\n\n<p>Da oggi potrai garantire ai tuoi soggiorni sulla neve momenti di serenit\u00e0 proteggendoti dagli imprevisti. Grazie alla partnership con Yolo, la prima insurtech italiana di servizi di intermediazione assicurativa digitale, da oggi puoi goderti le tue giornate sulla neve in tutta tranquillit\u00e0. A proteggerti dagli imprevisti mentre pratichi sci, snowboard, pattinaggio sul ghiaccio o ciaspole da neve, ci pensiamo noi con l\u2019assicurazione sci ALTOSKI.<\/p>\n\n\n\n<p>Hai avuto un infortunio sugli sci? Ti serve assistenza (medica e non) mentre sei in viaggio verso una localit\u00e0 sciistica? Non ti preoccupare, ti verr\u00e0 rimborsata una quota delle spese sostenute.<\/p>\n\n\n\n<h2 class=\"wp-block-heading\" id=\"h_a34671586f\">Che cosa copre l\u2019assicurazione?<\/h2>\n\n\n\n<ul>\n<li><strong>Responsabilit\u00e0 civile verso terzi <\/strong>per danni accidentali;<\/li>\n\n\n\n<li><strong>Spese mediche<\/strong> e diaria da <strong>ricovero ospedaliero<\/strong> a seguito di infortuni avvenuti all\u2019interno degli impianti;<\/li>\n\n\n\n<li><strong>Assistenza 24h<\/strong> tramite Centrale Operativa per supporto, sanitario e non, durante il viaggio;<\/li>\n\n\n\n<li><strong>Pacchetto Sci (rimborso servizi non usufruiti, recupero e salvataggio)<\/strong>: in caso di infortunio, rimborso del biglietto dello skipass, lezioni di sci non usufruite, noleggio attrezzatura sportiva e hotel.<\/li>\n<\/ul>\n\n\n\n<h2 class=\"wp-block-heading\" id=\"h_d9f7d4edca\">Cosa devo fare per richiedere Assistenza in Viaggio o aprire un Sinistro?<\/h2>\n\n\n\n<figure class=\"wp-block-image size-full\"><img decoding=\"async\" src=\"https:\/\/www.alto.ski\/it\/wp-content\/uploads\/2023\/04\/alto-ski-insurance-contact.png\" alt=\"\" class=\"wp-image-100000491\" srcset=\"https:\/\/www.alto.ski\/it\/wp-content\/uploads\/2023\/04\/alto-ski-insurance-contact.png 964w, https:\/\/www.alto.ski\/it\/wp-content\/uploads\/2023\/04\/alto-ski-insurance-contact-300x79.png 300w, https:\/\/www.alto.ski\/it\/wp-content\/uploads\/2023\/04\/alto-ski-insurance-contact-768x202.png 768w\" sizes=\"(max-width: 964px) 100vw, 964px\" \/><\/figure>\n\n\n\n<p>Per maggiori informazioni sulle garanzie, consulta il <a href=\"https:\/\/www.alto.ski\/wp-content\/uploads\/2023\/04\/ergo-insurance-document-italiano.pdf\" target=\"_blank\" rel=\"noreferrer noopener nofollow\">Set Informativo<\/a>.<\/p>\n\n\n\n<h2 class=\"wp-block-heading\" id=\"h_dd4b072753\">Domande frequenti<\/h2>\n\n\n\n<h3 class=\"wp-block-heading\" id=\"h_9cded98b53\">1) Quando si attiva la copertura e per quanto dura?<\/h3>\n\n\n\n<p>L\u2019assicurazione sci ALTOSKI:<\/p>\n\n\n\n<ul>\n<li>si attiva contestualmente all\u2019inizio di validit\u00e0 dello skipass a cui \u00e8 abbinata;<\/li>\n\n\n\n<li>inizia dalla data e ora di attivazione;<\/li>\n\n\n\n<li>termina alle ore 24.00 del giorno di attivazione.<\/li>\n<\/ul>\n\n\n\n<h3 class=\"wp-block-heading\" id=\"h_9072685743\">2) A chi \u00e8 rivolta l\u2019assicurazione sci ALTOSKI?<\/h3>\n\n\n\n<p>Possono assicurarsi:<\/p>\n\n\n\n<ul>\n<li>i residenti o domiciliati in Italia o nell\u2019EEA;<\/li>\n\n\n\n<li>di et\u00e0 compresa tra 4 e 69 anni (a meno di compimento dei 70 anni in corso di contratto).<\/li>\n<\/ul>\n\n\n\n<p>Per approfondire i singoli aspetti connessi a ciascuna copertura, leggi con attenzione il <a href=\"https:\/\/prismic-io.s3.amazonaws.com\/alto-ski\/69389d2f-b661-46b1-b8f8-877bede51cce_Set+Informativo+Sci+Alto+Ski_20122021.pdf\" target=\"_blank\" rel=\"noreferrer noopener\">Set <\/a><a href=\"https:\/\/www.alto.ski\/wp-content\/uploads\/2023\/04\/ergo-insurance-document-italiano.pdf\" target=\"_blank\" rel=\"noreferrer noopener nofollow\">Informativo<\/a>.<\/p>\n\n\n\n<h3 class=\"wp-block-heading\" id=\"h_7195fd8c3e\">3) Cosa devo fare in caso di sinistro?<\/h3>\n\n\n\n<p>Per poter usufruire delle prestazioni previste dalla polizza Viaggi Altoski, devi segnalare immediatamente al Servizio di Soccorso locale o al Gestore dell\u2019Impianto di essere coperto dall\u2019assicurazione. Il Servizio preposto rilascer\u00e0 il verbale che attesta la dinamica dei fatti e le responsabilit\u00e0: questo verbale andr\u00e0 allegato alla denuncia di sinistro. Per aprire una pratica di \u201cDenuncia del Sinistro\u201d o fare una \u201cRichiesta di Assistenza in Viaggio\u201d contatta gli uffici competenti ai recapiti sopra indicati.<\/p>\n","protected":false},"excerpt":{"rendered":"<p>Dal 1\u00b0 Gennaio 2022, \u00e8 obbligatorio per tutti gli sciatori stipulare un\u2019assicurazione con responsabilit\u00e0 civile verso terzi (D.L. n. 40 del 28 febbraio 2021). Da oggi potrai garantire ai tuoi soggiorni sulla neve momenti di serenit\u00e0 proteggendoti dagli imprevisti. Grazie alla partnership con Yolo, la prima insurtech italiana di servizi di intermediazione assicurativa digitale, da [&hellip;]<\/p>\n","protected":false},"author":1,"featured_media":0,"parent":419,"menu_order":0,"comment_status":"closed","ping_status":"closed","template":"","meta":{"_acf_changed":false,"editor_notices":[],"footnotes":""},"class_list":["post-430","page","type-page","status-publish","hentry"],"acf":[],"yoast_head":"<!-- This site is optimized with the Yoast SEO plugin v26.1.1 - https:\/\/yoast.com\/wordpress\/plugins\/seo\/ -->\n<title>Assicurazione sci con Alto.Ski+ - Alto.Ski (Italiano)<\/title>\n<meta name=\"robots\" content=\"index, follow, max-snippet:-1, max-image-preview:large, max-video-preview:-1\" \/>\n<link rel=\"canonical\" href=\"https:\/\/www.alto.ski\/it\/aiuto\/assicurazione-sci\/\" \/>\n<meta property=\"og:locale\" content=\"it_IT\" \/>\n<meta property=\"og:type\" content=\"article\" \/>\n<meta property=\"og:title\" content=\"Assicurazione sci con Alto.Ski+ - Alto.Ski (Italiano)\" \/>\n<meta property=\"og:description\" content=\"Dal 1\u00b0 Gennaio 2022, \u00e8 obbligatorio per tutti gli sciatori stipulare un\u2019assicurazione con responsabilit\u00e0 civile verso terzi (D.L. n. 40 del 28 febbraio 2021). Da oggi potrai garantire ai tuoi soggiorni sulla neve momenti di serenit\u00e0 proteggendoti dagli imprevisti. Grazie alla partnership con Yolo, la prima insurtech italiana di servizi di intermediazione assicurativa digitale, da [&hellip;]\" \/>\n<meta property=\"og:url\" content=\"https:\/\/www.alto.ski\/it\/aiuto\/assicurazione-sci\/\" \/>\n<meta property=\"og:site_name\" content=\"Alto.Ski (Italiano)\" \/>\n<meta property=\"article:modified_time\" content=\"2023-04-09T19:01:58+00:00\" \/>\n<meta property=\"og:image\" content=\"https:\/\/www.alto.ski\/it\/wp-content\/uploads\/2023\/04\/alto-ski-insurance-contact.png\" \/>\n<meta name=\"twitter:card\" content=\"summary_large_image\" \/>\n<meta name=\"twitter:label1\" content=\"Tempo di lettura stimato\" \/>\n\t<meta name=\"twitter:data1\" content=\"3 minuti\" \/>\n<script type=\"application\/ld+json\" class=\"yoast-schema-graph\">{\"@context\":\"https:\/\/schema.org\",\"@graph\":[{\"@type\":\"WebPage\",\"@id\":\"https:\/\/www.alto.ski\/it\/aiuto\/assicurazione-sci\/\",\"url\":\"https:\/\/www.alto.ski\/it\/aiuto\/assicurazione-sci\/\",\"name\":\"Assicurazione sci con Alto.Ski+ - Alto.Ski (Italiano)\",\"isPartOf\":{\"@id\":\"https:\/\/www.alto.ski\/it\/#website\"},\"primaryImageOfPage\":{\"@id\":\"https:\/\/www.alto.ski\/it\/aiuto\/assicurazione-sci\/#primaryimage\"},\"image\":{\"@id\":\"https:\/\/www.alto.ski\/it\/aiuto\/assicurazione-sci\/#primaryimage\"},\"thumbnailUrl\":\"https:\/\/www.alto.ski\/it\/wp-content\/uploads\/2023\/04\/alto-ski-insurance-contact.png\",\"datePublished\":\"2023-04-09T18:58:46+00:00\",\"dateModified\":\"2023-04-09T19:01:58+00:00\",\"breadcrumb\":{\"@id\":\"https:\/\/www.alto.ski\/it\/aiuto\/assicurazione-sci\/#breadcrumb\"},\"inLanguage\":\"it-IT\",\"potentialAction\":[{\"@type\":\"ReadAction\",\"target\":[\"https:\/\/www.alto.ski\/it\/aiuto\/assicurazione-sci\/\"]}]},{\"@type\":\"ImageObject\",\"inLanguage\":\"it-IT\",\"@id\":\"https:\/\/www.alto.ski\/it\/aiuto\/assicurazione-sci\/#primaryimage\",\"url\":\"https:\/\/www.alto.ski\/it\/wp-content\/uploads\/2023\/04\/alto-ski-insurance-contact.png\",\"contentUrl\":\"https:\/\/www.alto.ski\/it\/wp-content\/uploads\/2023\/04\/alto-ski-insurance-contact.png\"},{\"@type\":\"BreadcrumbList\",\"@id\":\"https:\/\/www.alto.ski\/it\/aiuto\/assicurazione-sci\/#breadcrumb\",\"itemListElement\":[{\"@type\":\"ListItem\",\"position\":1,\"name\":\"Home\",\"item\":\"https:\/\/www.alto.ski\/it\/\"},{\"@type\":\"ListItem\",\"position\":2,\"name\":\"Aiuto\",\"item\":\"https:\/\/www.alto.ski\/it\/aiuto\/\"},{\"@type\":\"ListItem\",\"position\":3,\"name\":\"Assicurazione sci con Alto.Ski+\"}]},{\"@type\":\"WebSite\",\"@id\":\"https:\/\/www.alto.ski\/it\/#website\",\"url\":\"https:\/\/www.alto.ski\/it\/\",\"name\":\"Alto.Ski\",\"description\":\"\",\"publisher\":{\"@id\":\"https:\/\/www.alto.ski\/it\/#organization\"},\"potentialAction\":[{\"@type\":\"SearchAction\",\"target\":{\"@type\":\"EntryPoint\",\"urlTemplate\":\"https:\/\/www.alto.ski\/it\/?s={search_term_string}\"},\"query-input\":{\"@type\":\"PropertyValueSpecification\",\"valueRequired\":true,\"valueName\":\"search_term_string\"}}],\"inLanguage\":\"it-IT\"},{\"@type\":[\"Organization\",\"Place\"],\"@id\":\"https:\/\/www.alto.ski\/it\/#organization\",\"name\":\"Alto.Ski\",\"alternateName\":\"Alto Group Limited\",\"url\":\"https:\/\/www.alto.ski\/it\/\",\"logo\":{\"@type\":\"ImageObject\",\"inLanguage\":\"it-IT\",\"@id\":\"https:\/\/www.alto.ski\/it\/#\/schema\/logo\/image\/\",\"url\":\"https:\/\/www.alto.ski\/it\/wp-content\/uploads\/sites\/2\/2023\/02\/altoski-logo.png\",\"contentUrl\":\"https:\/\/www.alto.ski\/it\/wp-content\/uploads\/sites\/2\/2023\/02\/altoski-logo.png\",\"width\":300,\"height\":71,\"caption\":\"Alto.Ski\"},\"image\":{\"@id\":\"https:\/\/www.alto.ski\/it\/#\/schema\/logo\/image\/\"},\"mainEntityOfPage\":{\"@id\":\"https:\/\/www.alto.ski\/it\/aiuto\/assicurazione-sci\/\"}}]}<\/script>\n<!-- \/ Yoast SEO plugin. -->","yoast_head_json":{"title":"Assicurazione sci con Alto.Ski+ - Alto.Ski (Italiano)","robots":{"index":"index","follow":"follow","max-snippet":"max-snippet:-1","max-image-preview":"max-image-preview:large","max-video-preview":"max-video-preview:-1"},"canonical":"https:\/\/www.alto.ski\/it\/aiuto\/assicurazione-sci\/","og_locale":"it_IT","og_type":"article","og_title":"Assicurazione sci con Alto.Ski+ - Alto.Ski (Italiano)","og_description":"Dal 1\u00b0 Gennaio 2022, \u00e8 obbligatorio per tutti gli sciatori stipulare un\u2019assicurazione con responsabilit\u00e0 civile verso terzi (D.L. n. 40 del 28 febbraio 2021). Da oggi potrai garantire ai tuoi soggiorni sulla neve momenti di serenit\u00e0 proteggendoti dagli imprevisti. Grazie alla partnership con Yolo, la prima insurtech italiana di servizi di intermediazione assicurativa digitale, da [&hellip;]","og_url":"https:\/\/www.alto.ski\/it\/aiuto\/assicurazione-sci\/","og_site_name":"Alto.Ski (Italiano)","article_modified_time":"2023-04-09T19:01:58+00:00","og_image":[{"url":"https:\/\/www.alto.ski\/it\/wp-content\/uploads\/2023\/04\/alto-ski-insurance-contact.png","type":"","width":"","height":""}],"twitter_card":"summary_large_image","twitter_misc":{"Tempo di lettura stimato":"3 minuti"},"schema":{"@context":"https:\/\/schema.org","@graph":[{"@type":"WebPage","@id":"https:\/\/www.alto.ski\/it\/aiuto\/assicurazione-sci\/","url":"https:\/\/www.alto.ski\/it\/aiuto\/assicurazione-sci\/","name":"Assicurazione sci con Alto.Ski+ - Alto.Ski (Italiano)","isPartOf":{"@id":"https:\/\/www.alto.ski\/it\/#website"},"primaryImageOfPage":{"@id":"https:\/\/www.alto.ski\/it\/aiuto\/assicurazione-sci\/#primaryimage"},"image":{"@id":"https:\/\/www.alto.ski\/it\/aiuto\/assicurazione-sci\/#primaryimage"},"thumbnailUrl":"https:\/\/www.alto.ski\/it\/wp-content\/uploads\/2023\/04\/alto-ski-insurance-contact.png","datePublished":"2023-04-09T18:58:46+00:00","dateModified":"2023-04-09T19:01:58+00:00","breadcrumb":{"@id":"https:\/\/www.alto.ski\/it\/aiuto\/assicurazione-sci\/#breadcrumb"},"inLanguage":"it-IT","potentialAction":[{"@type":"ReadAction","target":["https:\/\/www.alto.ski\/it\/aiuto\/assicurazione-sci\/"]}]},{"@type":"ImageObject","inLanguage":"it-IT","@id":"https:\/\/www.alto.ski\/it\/aiuto\/assicurazione-sci\/#primaryimage","url":"https:\/\/www.alto.ski\/it\/wp-content\/uploads\/2023\/04\/alto-ski-insurance-contact.png","contentUrl":"https:\/\/www.alto.ski\/it\/wp-content\/uploads\/2023\/04\/alto-ski-insurance-contact.png"},{"@type":"BreadcrumbList","@id":"https:\/\/www.alto.ski\/it\/aiuto\/assicurazione-sci\/#breadcrumb","itemListElement":[{"@type":"ListItem","position":1,"name":"Home","item":"https:\/\/www.alto.ski\/it\/"},{"@type":"ListItem","position":2,"name":"Aiuto","item":"https:\/\/www.alto.ski\/it\/aiuto\/"},{"@type":"ListItem","position":3,"name":"Assicurazione sci con Alto.Ski+"}]},{"@type":"WebSite","@id":"https:\/\/www.alto.ski\/it\/#website","url":"https:\/\/www.alto.ski\/it\/","name":"Alto.Ski","description":"","publisher":{"@id":"https:\/\/www.alto.ski\/it\/#organization"},"potentialAction":[{"@type":"SearchAction","target":{"@type":"EntryPoint","urlTemplate":"https:\/\/www.alto.ski\/it\/?s={search_term_string}"},"query-input":{"@type":"PropertyValueSpecification","valueRequired":true,"valueName":"search_term_string"}}],"inLanguage":"it-IT"},{"@type":["Organization","Place"],"@id":"https:\/\/www.alto.ski\/it\/#organization","name":"Alto.Ski","alternateName":"Alto Group Limited","url":"https:\/\/www.alto.ski\/it\/","logo":{"@type":"ImageObject","inLanguage":"it-IT","@id":"https:\/\/www.alto.ski\/it\/#\/schema\/logo\/image\/","url":"https:\/\/www.alto.ski\/it\/wp-content\/uploads\/sites\/2\/2023\/02\/altoski-logo.png","contentUrl":"https:\/\/www.alto.ski\/it\/wp-content\/uploads\/sites\/2\/2023\/02\/altoski-logo.png","width":300,"height":71,"caption":"Alto.Ski"},"image":{"@id":"https:\/\/www.alto.ski\/it\/#\/schema\/logo\/image\/"},"mainEntityOfPage":{"@id":"https:\/\/www.alto.ski\/it\/aiuto\/assicurazione-sci\/"}}]}},"_links":{"self":[{"href":"https:\/\/www.alto.ski\/it\/wp-json\/wp\/v2\/pages\/430","targetHints":{"allow":["GET"]}}],"collection":[{"href":"https:\/\/www.alto.ski\/it\/wp-json\/wp\/v2\/pages"}],"about":[{"href":"https:\/\/www.alto.ski\/it\/wp-json\/wp\/v2\/types\/page"}],"author":[{"embeddable":true,"href":"https:\/\/www.alto.ski\/it\/wp-json\/wp\/v2\/users\/1"}],"replies":[{"embeddable":true,"href":"https:\/\/www.alto.ski\/it\/wp-json\/wp\/v2\/comments?post=430"}],"version-history":[{"count":2,"href":"https:\/\/www.alto.ski\/it\/wp-json\/wp\/v2\/pages\/430\/revisions"}],"predecessor-version":[{"id":432,"href":"https:\/\/www.alto.ski\/it\/wp-json\/wp\/v2\/pages\/430\/revisions\/432"}],"up":[{"embeddable":true,"href":"https:\/\/www.alto.ski\/it\/wp-json\/wp\/v2\/pages\/419"}],"wp:attachment":[{"href":"https:\/\/www.alto.ski\/it\/wp-json\/wp\/v2\/media?parent=430"}],"curies":[{"name":"wp","href":"https:\/\/api.w.org\/{rel}","templated":true}]}}