{"id":426,"date":"2023-04-09T18:47:51","date_gmt":"2023-04-09T18:47:51","guid":{"rendered":"https:\/\/www.alto.ski\/it\/?page_id=426"},"modified":"2023-04-09T19:01:13","modified_gmt":"2023-04-09T19:01:13","slug":"fatturazione-giorni-consecutivi-e-giornate-singole","status":"publish","type":"page","link":"https:\/\/www.alto.ski\/it\/aiuto\/fatturazione-giorni-consecutivi-e-giornate-singole\/","title":{"rendered":"Fatturazione (giorni consecutivi e giornate singole)"},"content":{"rendered":"\n<p>Il sistema di fatturazione di Alto.Ski \u00e8 progettato per assicurarti di pagare sempre il miglior prezzo nelle tue giornate sugli sci.<\/p>\n\n\n\n<p>Quindi, che tu stia sciando per 2,3,4 ore, mezza giornata, un&#8217;intera giornata o tutta la settimana, ti addebiteremo sempre il miglior prezzo possibile, in base al costo dei biglietti che la stazione sciistica offre.<\/p>\n\n\n\n<p>E non c&#8217;\u00e8 niente che devi fare! Vai a sciare con Alto.Ski e, alla fine di ogni giornata, ti fattureremo automaticamente il miglior prezzo possibile (il prezzo orario, mezza giornata, giornata intera, pi\u00f9 giorni ecc.) in base alla durata della tua sciata.<\/p>\n\n\n\n<h2 class=\"wp-block-heading\">Giorni consecutivi<\/h2>\n\n\n\n<p>Se prevedi di sciare pi\u00f9 giorni di seguito, Alto.Ski ti offre tutti i vantaggi di uno skipass plurigiornaliero, senza doverlo acquistare in anticipo.<\/p>\n\n\n\n<p>Lo facciamo fatturando giornalmente e verificando se il costo totale dei biglietti giornalieri utilizzati \u00e8 inferiore al costo di un biglietto plurigiornaliero.<\/p>\n\n\n\n<p>Quando \u00e8 pi\u00f9 conveniente addebitare un biglietto plurigiornaliero, ti fattureremo i biglietti a pro-rata (cio\u00e8 calcoliamo gli importi pagati nei giorni precedenti e fatturiamo la differenza tra i pagamenti precedenti e il costo del biglietto plurigiornaliero appropriato).<\/p>\n\n\n\n<p>I biglietti plurigiornalieri verranno applicati solo se gli sciatori sciano in giorni consecutivi (ad es. sciare luned\u00ec, marted\u00ec e mercoled\u00ec si qualifica per un plurigiornaliero di 3 giorni; sciare luned\u00ec, mercoled\u00ec e venerd\u00ec si qualificheranno come 3 giornalieri non consecutivi).<\/p>\n\n\n\n<h2 class=\"wp-block-heading\">Giornate singole<\/h2>\n\n\n\n<p>Vuoi sciare solo un giorno?<\/p>\n\n\n\n<p>Non preoccuparti, pagherai sempre il prezzo migliore per il tempo in cui scii effettivamente (in base all\u2019accesso ai vari tornelli di risalita), sia per un&#8217;intera giornata che per mezza giornata sugli sci.<\/p>\n\n\n\n<h2 class=\"wp-block-heading\" id=\"h_56abe81fac\">Esempio #1 (giorni consecutivi)<\/h2>\n\n\n\n<p>Questo e l&#8217;esempio di come il sistema di pagamento funziona per i giorni consecutivi, quando il biglietto con i giorni consecutivi rappresenta la opzione meno costosa:<\/p>\n\n\n\n<p><em>Sciando ad Aprica, l&#8217;utente (Adulto) scia assieme ad un adulto e un bambino (totale 3 sciatori) in Alta Stagione. Sciano per 3 giorni in totale.<\/em><\/p>\n\n\n\n<h3 class=\"wp-block-heading\" id=\"h_c37dc5680b\">Giorno 1<\/h3>\n\n\n\n<p><em>Ogni skipass scia per un&#8217;intera giornata.<\/em><\/p>\n\n\n\n<p><em>All&#8217;utente viene addebitato il prezzo intero di un biglietto di 1 giorno<\/em><\/p>\n\n\n\n<p><em>Fatturazione di fine giornata:<\/em><\/p>\n\n\n\n<p><em>Adulto 1: \u20ac46 Adulto 2: \u20ac46 Bambino: \u20ac26<\/em><\/p>\n\n\n\n<h3 class=\"wp-block-heading\" id=\"h_1d2f9a4f63\">Giorno 2<\/h3>\n\n\n\n<p><em>Ogni skipass scia per un&#8217;intera giornata.<\/em><\/p>\n\n\n\n<p><em>All&#8217;utente viene addebitato un importo proporzionale per coprire il biglietto di 2 giorni.<\/em><\/p>\n\n\n\n<p><em>Fatturazione di fine giornata:<\/em><\/p>\n\n\n\n<p><em>Adulto 1: \u20ac41 &#8211; il risparmio del secondo giorno consecutivo, totale di \u20ac87<\/em><\/p>\n\n\n\n<p><em>Adulto 2: \u20ac41 &#8211; il risparmio del secondo giorno consecutivo, totale di \u20ac87<\/em><\/p>\n\n\n\n<p><em>Bambino accompagnato con adulto: \u20ac0 &#8211; il risparmio del secondo giorno consecutivo, totale di \u20ac-26 (la tariffa del secondo giorno consecutivo per bambino accompagnato con adulto e&#8217; \u20ac0).<\/em><\/p>\n\n\n\n<p><em>Totale \u20ac87 + \u20ac 87 &#8211; \u20ac26 = \u20ac148<\/em><\/p>\n\n\n\n<h3 class=\"wp-block-heading\" id=\"h_6bb627f496\">Giorno 3<\/h3>\n\n\n\n<p><em>Ogni skipass scia per un&#8217;intera giornata.<\/em><\/p>\n\n\n\n<p><em>Fatturazione di fine giornata:<\/em><\/p>\n\n\n\n<p><em>Adulto 1: \u20ac35 &#8211; il risparmio del terzo giorno, totale di \u20ac122<\/em><\/p>\n\n\n\n<p><em>Adulto 2: \u20ac35 &#8211; il risparmio del terzo giorno, totale di \u20ac122<\/em><\/p>\n\n\n\n<p><em>Bambino accompagnato con adulto: \u20ac0 &#8211; il risparmio del terzo giorno, totale di \u20ac0<\/em><\/p>\n\n\n\n<h2 class=\"wp-block-heading\" id=\"h_8be4bd033d\">Esempio #2 (giorni consecutivi)<\/h2>\n\n\n\n<p>In questo esempio facciamo vedere come i prezzi e i sconti cambiano quando si scia durante i giorni consecutivi.<\/p>\n\n\n\n<p><em>Sciando a Livigno, l&#8217;utente (Adulto) scia assieme ad un adulto e un bambino (3 sciatori totali) in Alta Stagione. Sciano per 4 giorni in totale.<\/em><\/p>\n\n\n\n<h3 class=\"wp-block-heading\" id=\"h_c0cb95804f\">Giorno 1<\/h3>\n\n\n\n<p><em>Ogni skipass scia per mezza giornata (al mattino).<\/em><\/p>\n\n\n\n<p><em>All&#8217;utente viene addebitato il prezzo di un biglietto mattiniero<\/em><\/p>\n\n\n\n<p><em>Fatturazione di fine giornata:<\/em><\/p>\n\n\n\n<p><em>Adulto 1: \u20ac43 Adulto 2: \u20ac43 Bambino: \u20ac21,50<\/em><\/p>\n\n\n\n<h3 class=\"wp-block-heading\" id=\"h_0ce82ea897\">Giorno 2<\/h3>\n\n\n\n<p><em>Ogni skipass scia per un&#8217;intera giornata.<\/em><\/p>\n\n\n\n<p><em>In questo caso il costo di un biglietto per adulto di 2 giorni e&#8217; di \u20ac113 e \u20ac56,50 per il bambino.<\/em><\/p>\n\n\n\n<p><em>Dato che Il costo di un biglietto da 2 giorni \u00e8 maggiore del costo di 1 biglietto di mezza giornata + 1 biglietto di una giornata intera, Alto.Ski fatturer\u00e0 l&#8217;intero costo di un biglietto per l&#8217;intera giornata e quello della mezza giornata, ovvero la tariffa migliore tra le due opzioni proposte dal comprensorio.<\/em><\/p>\n\n\n\n<p><em>Fatturazione di fine giornata:<\/em><\/p>\n\n\n\n<p><em>Adulto 1: \u20ac59 Adulto 2: \u20ac59 Bambino: \u20ac29,50<\/em><\/p>\n\n\n\n<h3 class=\"wp-block-heading\" id=\"h_8f697ebb1b\">Giorno 3<\/h3>\n\n\n\n<p><em>Ogni skipass scia per un&#8217;intera giornata.<\/em><\/p>\n\n\n\n<p><em>Dato che Il costo di un biglietto di 3 giorni (\u20ac 168 Adulto \/ \u20ac 0 Bambino) \u00e8 la opzione migliore e&#8217; di applicare la tariffa del biglietto di 3 giorni.<\/em><\/p>\n\n\n\n<p><em>Fatturazione di fine giornata:<\/em><\/p>\n\n\n\n<p><em>Adulto 1: \u20ac168- (43+59) = 66 Adulto 2: \u20ac66 &#8211; Bambino: \u20ac -(29,50+21,50) gratuito = \u20ac15<\/em><\/p>\n\n\n\n<h3 class=\"wp-block-heading\" id=\"h_b6000f99ba\">Giorno 4<\/h3>\n\n\n\n<p><em>Ogni pass scia per un&#8217;intera giornata.<\/em><\/p>\n\n\n\n<p><em>Il costo di un biglietto da 4 giorni (\u20ac221 Adulto \/ \u20ac0 Bambino )<\/em><\/p>\n\n\n\n<p><em>Fatturazione di fine giornata:<\/em><\/p>\n\n\n\n<p><em>Adulto 1: \u20ac221 &#8211; \u20ac168 = \u20ac53 Adulto 2: \u20ac53 Bambino: \u20ac0<\/em><\/p>\n\n\n\n<p><em>Adulto 1: biglietto consecutivo di 4 giorni Adulto, costo totale \u20ac221<\/em><\/p>\n\n\n\n<p><em>Adulto 2: biglietto consecutivo di 4 giorni Adulto, costo totale \u20ac221<\/em><\/p>\n\n\n\n<p><em>Bambino: biglietto consecutivo 4 giorni Bambino accompagnato con adulto, costo totale \u20ac0<\/em><\/p>\n\n\n\n<h2 class=\"wp-block-heading\" id=\"h_66f6d2af38\">Esempio #3 (giorni consecutivi + mezza giornata)<\/h2>\n\n\n\n<p>Sciando a Livigno, l&#8217;utente (Adulto) scia da solo in Alta Stagione per 3 giorni in totale.<\/p>\n\n\n\n<h3 class=\"wp-block-heading\" id=\"h_73dc0f36b7\">Giorno 1<\/h3>\n\n\n\n<p><em>L&#8217;utente scia per l&#8217;intera giornata.<\/em><\/p>\n\n\n\n<p><em>Gli viene addebitato il prezzo intero del giornaliero<\/em><\/p>\n\n\n\n<p><em>Fatturazione di fine giornata:<\/em><\/p>\n\n\n\n<p><em>Adulto 1: \u20ac59<\/em><\/p>\n\n\n\n<h3 class=\"wp-block-heading\" id=\"h_1644f25611\">Giorno 2<\/h3>\n\n\n\n<p><em>L&#8217;utente scia per l&#8217;intera giornata.<\/em><\/p>\n\n\n\n<p><em>Il biglietto di 2 giorni consecutivi sar\u00e0 pi\u00f9 economico di 2 biglietti da 1 giorno pertanto gli verr\u00e0 addebitato l\u2019importo proporzionale.<\/em><\/p>\n\n\n\n<p><em>Fatturazione di fine giornata:<\/em><\/p>\n\n\n\n<p><em>Adulto 1: \u20ac54 &#8211;<\/em><\/p>\n\n\n\n<p><em>Totale 2 giorni interi consecutivi \u20ac113<\/em><\/p>\n\n\n\n<h3 class=\"wp-block-heading\" id=\"h_bd5e634c45\">Giorno 3<\/h3>\n\n\n\n<p><em>L\u2019utente scia solo al mattino<\/em><\/p>\n\n\n\n<p><em>Il costo di un biglietto da 3 giorni (\u20ac168 Adulto) \u00e8 maggiore del costo di un biglietto di 2 giorni + un mattiniero (\u20ac113 + \u20ac43 = \u20ac156 Adulto). Quindi fattureremo il biglietto di mezza giornata.<\/em><\/p>\n\n\n\n<p><em>Fatturazione di fine giornata:<\/em><\/p>\n\n\n\n<p><em>Adulto 1: \u20ac43<\/em><\/p>\n\n\n\n<p><em>Adulto 1: 1 x 2 giorni, biglietto per adulti e 1 x mezza giornata per adulti, costo totale \u20ac 156 &#8211; risparmio \u20ac12 per l\u2019utente<\/em><\/p>\n\n\n\n<h2 class=\"wp-block-heading\" id=\"h_fbb1d39421\">Domande?<\/h2>\n\n\n\n<p>Puoi sempre controllare quanto ti \u00e8 stato fatturato in qualsiasi momento controllando la cronologia delle transazioni recenti nell&#8217;app Alto.Ski o, se hai domande, mettiti in contatto con noi tramite la pagina di aiuto nell&#8217;app e ti risponderemo felice di aiutarti.<\/p>\n\n\n\n<p>Ricorda solo che possiamo offrire solo prezzi disponibili nella stazione sciistica e che tutte le stazioni sciistiche potrebbero non offrire la funzione di giorni consecutivi o limitare il numero massimo di giorni consecutivi a cui pu\u00f2 essere applicata.<\/p>\n\n\n\n<p>Per maggiori dettagli &#8211; o per ottenere gli ultimi prezzi per qualsiasi stazione sciistica &#8211; basta controllare la pagina Resorts nell&#8217;app Alto.Ski.<\/p>\n","protected":false},"excerpt":{"rendered":"<p>Il sistema di fatturazione di Alto.Ski \u00e8 progettato per assicurarti di pagare sempre il miglior prezzo nelle tue giornate sugli sci. Quindi, che tu stia sciando per 2,3,4 ore, mezza giornata, un&#8217;intera giornata o tutta la settimana, ti addebiteremo sempre il miglior prezzo possibile, in base al costo dei biglietti che la stazione sciistica offre. [&hellip;]<\/p>\n","protected":false},"author":1,"featured_media":0,"parent":419,"menu_order":0,"comment_status":"closed","ping_status":"closed","template":"","meta":{"_acf_changed":false,"editor_notices":[],"footnotes":""},"class_list":["post-426","page","type-page","status-publish","hentry"],"acf":[],"yoast_head":"<!-- This site is optimized with the Yoast SEO plugin v26.1.1 - https:\/\/yoast.com\/wordpress\/plugins\/seo\/ -->\n<title>Fatturazione (giorni consecutivi e giornate singole) - Alto.Ski (Italiano)<\/title>\n<meta name=\"robots\" content=\"index, follow, max-snippet:-1, max-image-preview:large, max-video-preview:-1\" \/>\n<link rel=\"canonical\" href=\"https:\/\/www.alto.ski\/it\/aiuto\/fatturazione-giorni-consecutivi-e-giornate-singole\/\" \/>\n<meta property=\"og:locale\" content=\"it_IT\" \/>\n<meta property=\"og:type\" content=\"article\" \/>\n<meta property=\"og:title\" content=\"Fatturazione (giorni consecutivi e giornate singole) - Alto.Ski (Italiano)\" \/>\n<meta property=\"og:description\" content=\"Il sistema di fatturazione di Alto.Ski \u00e8 progettato per assicurarti di pagare sempre il miglior prezzo nelle tue giornate sugli sci. Quindi, che tu stia sciando per 2,3,4 ore, mezza giornata, un&#8217;intera giornata o tutta la settimana, ti addebiteremo sempre il miglior prezzo possibile, in base al costo dei biglietti che la stazione sciistica offre. [&hellip;]\" \/>\n<meta property=\"og:url\" content=\"https:\/\/www.alto.ski\/it\/aiuto\/fatturazione-giorni-consecutivi-e-giornate-singole\/\" \/>\n<meta property=\"og:site_name\" content=\"Alto.Ski (Italiano)\" \/>\n<meta property=\"article:modified_time\" content=\"2023-04-09T19:01:13+00:00\" \/>\n<meta name=\"twitter:card\" content=\"summary_large_image\" \/>\n<meta name=\"twitter:label1\" content=\"Tempo di lettura stimato\" \/>\n\t<meta name=\"twitter:data1\" content=\"6 minuti\" \/>\n<script type=\"application\/ld+json\" class=\"yoast-schema-graph\">{\"@context\":\"https:\/\/schema.org\",\"@graph\":[{\"@type\":\"WebPage\",\"@id\":\"https:\/\/www.alto.ski\/it\/aiuto\/fatturazione-giorni-consecutivi-e-giornate-singole\/\",\"url\":\"https:\/\/www.alto.ski\/it\/aiuto\/fatturazione-giorni-consecutivi-e-giornate-singole\/\",\"name\":\"Fatturazione (giorni consecutivi e giornate singole) - Alto.Ski (Italiano)\",\"isPartOf\":{\"@id\":\"https:\/\/www.alto.ski\/it\/#website\"},\"datePublished\":\"2023-04-09T18:47:51+00:00\",\"dateModified\":\"2023-04-09T19:01:13+00:00\",\"breadcrumb\":{\"@id\":\"https:\/\/www.alto.ski\/it\/aiuto\/fatturazione-giorni-consecutivi-e-giornate-singole\/#breadcrumb\"},\"inLanguage\":\"it-IT\",\"potentialAction\":[{\"@type\":\"ReadAction\",\"target\":[\"https:\/\/www.alto.ski\/it\/aiuto\/fatturazione-giorni-consecutivi-e-giornate-singole\/\"]}]},{\"@type\":\"BreadcrumbList\",\"@id\":\"https:\/\/www.alto.ski\/it\/aiuto\/fatturazione-giorni-consecutivi-e-giornate-singole\/#breadcrumb\",\"itemListElement\":[{\"@type\":\"ListItem\",\"position\":1,\"name\":\"Home\",\"item\":\"https:\/\/www.alto.ski\/it\/\"},{\"@type\":\"ListItem\",\"position\":2,\"name\":\"Aiuto\",\"item\":\"https:\/\/www.alto.ski\/it\/aiuto\/\"},{\"@type\":\"ListItem\",\"position\":3,\"name\":\"Fatturazione (giorni consecutivi e giornate singole)\"}]},{\"@type\":\"WebSite\",\"@id\":\"https:\/\/www.alto.ski\/it\/#website\",\"url\":\"https:\/\/www.alto.ski\/it\/\",\"name\":\"Alto.Ski\",\"description\":\"\",\"publisher\":{\"@id\":\"https:\/\/www.alto.ski\/it\/#organization\"},\"potentialAction\":[{\"@type\":\"SearchAction\",\"target\":{\"@type\":\"EntryPoint\",\"urlTemplate\":\"https:\/\/www.alto.ski\/it\/?s={search_term_string}\"},\"query-input\":{\"@type\":\"PropertyValueSpecification\",\"valueRequired\":true,\"valueName\":\"search_term_string\"}}],\"inLanguage\":\"it-IT\"},{\"@type\":[\"Organization\",\"Place\"],\"@id\":\"https:\/\/www.alto.ski\/it\/#organization\",\"name\":\"Alto.Ski\",\"alternateName\":\"Alto Group Limited\",\"url\":\"https:\/\/www.alto.ski\/it\/\",\"logo\":{\"@type\":\"ImageObject\",\"inLanguage\":\"it-IT\",\"@id\":\"https:\/\/www.alto.ski\/it\/#\/schema\/logo\/image\/\",\"url\":\"https:\/\/www.alto.ski\/it\/wp-content\/uploads\/sites\/2\/2023\/02\/altoski-logo.png\",\"contentUrl\":\"https:\/\/www.alto.ski\/it\/wp-content\/uploads\/sites\/2\/2023\/02\/altoski-logo.png\",\"width\":300,\"height\":71,\"caption\":\"Alto.Ski\"},\"image\":{\"@id\":\"https:\/\/www.alto.ski\/it\/#\/schema\/logo\/image\/\"},\"mainEntityOfPage\":{\"@id\":\"https:\/\/www.alto.ski\/it\/aiuto\/fatturazione-giorni-consecutivi-e-giornate-singole\/\"}}]}<\/script>\n<!-- \/ Yoast SEO plugin. -->","yoast_head_json":{"title":"Fatturazione (giorni consecutivi e giornate singole) - Alto.Ski (Italiano)","robots":{"index":"index","follow":"follow","max-snippet":"max-snippet:-1","max-image-preview":"max-image-preview:large","max-video-preview":"max-video-preview:-1"},"canonical":"https:\/\/www.alto.ski\/it\/aiuto\/fatturazione-giorni-consecutivi-e-giornate-singole\/","og_locale":"it_IT","og_type":"article","og_title":"Fatturazione (giorni consecutivi e giornate singole) - Alto.Ski (Italiano)","og_description":"Il sistema di fatturazione di Alto.Ski \u00e8 progettato per assicurarti di pagare sempre il miglior prezzo nelle tue giornate sugli sci. Quindi, che tu stia sciando per 2,3,4 ore, mezza giornata, un&#8217;intera giornata o tutta la settimana, ti addebiteremo sempre il miglior prezzo possibile, in base al costo dei biglietti che la stazione sciistica offre. [&hellip;]","og_url":"https:\/\/www.alto.ski\/it\/aiuto\/fatturazione-giorni-consecutivi-e-giornate-singole\/","og_site_name":"Alto.Ski (Italiano)","article_modified_time":"2023-04-09T19:01:13+00:00","twitter_card":"summary_large_image","twitter_misc":{"Tempo di lettura stimato":"6 minuti"},"schema":{"@context":"https:\/\/schema.org","@graph":[{"@type":"WebPage","@id":"https:\/\/www.alto.ski\/it\/aiuto\/fatturazione-giorni-consecutivi-e-giornate-singole\/","url":"https:\/\/www.alto.ski\/it\/aiuto\/fatturazione-giorni-consecutivi-e-giornate-singole\/","name":"Fatturazione (giorni consecutivi e giornate singole) - Alto.Ski (Italiano)","isPartOf":{"@id":"https:\/\/www.alto.ski\/it\/#website"},"datePublished":"2023-04-09T18:47:51+00:00","dateModified":"2023-04-09T19:01:13+00:00","breadcrumb":{"@id":"https:\/\/www.alto.ski\/it\/aiuto\/fatturazione-giorni-consecutivi-e-giornate-singole\/#breadcrumb"},"inLanguage":"it-IT","potentialAction":[{"@type":"ReadAction","target":["https:\/\/www.alto.ski\/it\/aiuto\/fatturazione-giorni-consecutivi-e-giornate-singole\/"]}]},{"@type":"BreadcrumbList","@id":"https:\/\/www.alto.ski\/it\/aiuto\/fatturazione-giorni-consecutivi-e-giornate-singole\/#breadcrumb","itemListElement":[{"@type":"ListItem","position":1,"name":"Home","item":"https:\/\/www.alto.ski\/it\/"},{"@type":"ListItem","position":2,"name":"Aiuto","item":"https:\/\/www.alto.ski\/it\/aiuto\/"},{"@type":"ListItem","position":3,"name":"Fatturazione (giorni consecutivi e giornate singole)"}]},{"@type":"WebSite","@id":"https:\/\/www.alto.ski\/it\/#website","url":"https:\/\/www.alto.ski\/it\/","name":"Alto.Ski","description":"","publisher":{"@id":"https:\/\/www.alto.ski\/it\/#organization"},"potentialAction":[{"@type":"SearchAction","target":{"@type":"EntryPoint","urlTemplate":"https:\/\/www.alto.ski\/it\/?s={search_term_string}"},"query-input":{"@type":"PropertyValueSpecification","valueRequired":true,"valueName":"search_term_string"}}],"inLanguage":"it-IT"},{"@type":["Organization","Place"],"@id":"https:\/\/www.alto.ski\/it\/#organization","name":"Alto.Ski","alternateName":"Alto Group Limited","url":"https:\/\/www.alto.ski\/it\/","logo":{"@type":"ImageObject","inLanguage":"it-IT","@id":"https:\/\/www.alto.ski\/it\/#\/schema\/logo\/image\/","url":"https:\/\/www.alto.ski\/it\/wp-content\/uploads\/sites\/2\/2023\/02\/altoski-logo.png","contentUrl":"https:\/\/www.alto.ski\/it\/wp-content\/uploads\/sites\/2\/2023\/02\/altoski-logo.png","width":300,"height":71,"caption":"Alto.Ski"},"image":{"@id":"https:\/\/www.alto.ski\/it\/#\/schema\/logo\/image\/"},"mainEntityOfPage":{"@id":"https:\/\/www.alto.ski\/it\/aiuto\/fatturazione-giorni-consecutivi-e-giornate-singole\/"}}]}},"_links":{"self":[{"href":"https:\/\/www.alto.ski\/it\/wp-json\/wp\/v2\/pages\/426","targetHints":{"allow":["GET"]}}],"collection":[{"href":"https:\/\/www.alto.ski\/it\/wp-json\/wp\/v2\/pages"}],"about":[{"href":"https:\/\/www.alto.ski\/it\/wp-json\/wp\/v2\/types\/page"}],"author":[{"embeddable":true,"href":"https:\/\/www.alto.ski\/it\/wp-json\/wp\/v2\/users\/1"}],"replies":[{"embeddable":true,"href":"https:\/\/www.alto.ski\/it\/wp-json\/wp\/v2\/comments?post=426"}],"version-history":[{"count":3,"href":"https:\/\/www.alto.ski\/it\/wp-json\/wp\/v2\/pages\/426\/revisions"}],"predecessor-version":[{"id":429,"href":"https:\/\/www.alto.ski\/it\/wp-json\/wp\/v2\/pages\/426\/revisions\/429"}],"up":[{"embeddable":true,"href":"https:\/\/www.alto.ski\/it\/wp-json\/wp\/v2\/pages\/419"}],"wp:attachment":[{"href":"https:\/\/www.alto.ski\/it\/wp-json\/wp\/v2\/media?parent=426"}],"curies":[{"name":"wp","href":"https:\/\/api.w.org\/{rel}","templated":true}]}}