{"id":24,"date":"2023-01-10T22:23:04","date_gmt":"2023-01-10T22:23:04","guid":{"rendered":"https:\/\/www.alto.ski\/it\/how-it-works\/"},"modified":"2023-01-18T17:11:50","modified_gmt":"2023-01-18T17:11:50","slug":"come-funziona","status":"publish","type":"page","link":"https:\/\/www.alto.ski\/it\/come-funziona\/","title":{"rendered":"Come funziona"},"content":{"rendered":"\n<div id=\"\" class=\"alignwide\" style=\"margin-top: 0 !important;\">\n\n\t\n\t\t\t        <div class=\"grid grid-cols-10 flex items-center sm:gap-16 mb-24\">\n            <div class=\"col-span-10 sm:col-span-5 sm:order-1\">\n                <span class=\"text-pink text-7xl md:text-9xl font-bold\">1<\/span>\n\t\t        <h2>Iscriviti e ordina le tue ski card<\/h2>\n<p>Registrati online o utilizzando la nostra app e ordina tutte le ski card di cui hai bisogno. Segui la procedura di registrazione e non dimenticare di inserire il tuo codice promozionale se ne hai uno. Il processo di registrazione \u00e8 semplice e richiede solo il tuo nome, password e l&#8217;indirizzo a cui invieremo le tue ski card Alto.Ski. Ordina fino a 5 ski card e attivale scannerizzando il codice QR una volta che ti saranno recapitate a casa.<\/p>\n            <\/div>\n            <div class=\"col-span-10 sm:col-span-5 sm:order-0\">\n\t\t        <img loading=\"lazy\" decoding=\"async\" width=\"733\" height=\"537\" src=\"https:\/\/www.alto.ski\/it\/wp-content\/uploads\/sites\/2\/2023\/01\/User.png\" class=\"attachment-full size-full\" alt=\"Skier sat on bench\" \/>            <\/div>\n\n        <\/div>\n\t\t\t        <div class=\"grid grid-cols-10 flex items-center sm:gap-16 mb-24\">\n            <div class=\"col-span-10 sm:col-span-5\">\n                <span class=\"text-pink text-7xl md:text-9xl font-bold\">2<\/span>\n\t\t        <h2>Attiva le tue card<\/h2>\n<p>Scansiona i codici QR o inserisci i numeri delle ski card manualmente per registrarle sul tuo account Alto.Ski. Una volta terminata la registrazione della prima tessera potrai aggiungere quelle dei tuoi amici e\/o familiari fino a 5 ski card Alto.Ski. Puoi anche riutilizzare qualsiasi ski card esistente inserendo manualmente il numero della carta a 16 cifre.<\/p>\n            <\/div>\n            <div class=\"col-span-10 sm:col-span-5\">\n\t\t        <img loading=\"lazy\" decoding=\"async\" width=\"480\" height=\"576\" src=\"https:\/\/www.alto.ski\/it\/wp-content\/uploads\/sites\/2\/2023\/01\/altoski-cards.webp\" class=\"attachment-full size-full\" alt=\"Alto.Ski cards\" \/>            <\/div>\n\n        <\/div>\n\t\t\t        <div class=\"grid grid-cols-10 flex items-center sm:gap-16 mb-24\">\n            <div class=\"col-span-10 sm:col-span-5 sm:order-1\">\n                <span class=\"text-pink text-7xl md:text-9xl font-bold\">3<\/span>\n\t\t        <h2>Raggiungi le piste!<\/h2>\n<p>Utilizza la tua ski card Alto.Ski per accedere agli impianti di risalita. Non preoccuparti di prenotare in anticipo i biglietti. Dopo che le tue tessere Alto.Ski sono state attivate, puoi confermare il loro stato di attivazione andando su &#8220;Le mie ski card&#8221; nel menu principale dell&#8217;app Alto.Ski. Le carte attive avranno un&#8217;icona verde. Nel caso in cui perdi una tessera puoi bloccarla facendo clic su &#8220;Blocca questa carta&#8221;. Una volta bloccata la tessera Alto.Ski , l&#8217;icona della carta si colora di rosso. La carta si possa sbloccare direttamente dal utente raccendo click su &#8220;Sblocca questa carta&#8221;.<\/p>\n            <\/div>\n            <div class=\"col-span-10 sm:col-span-5 sm:order-0\">\n\t\t        <img loading=\"lazy\" decoding=\"async\" width=\"402\" height=\"360\" src=\"https:\/\/www.alto.ski\/it\/wp-content\/uploads\/sites\/2\/2023\/01\/Skier.png\" class=\"attachment-full size-full\" alt=\"Skier\" \/>            <\/div>\n\n        <\/div>\n\t\t\t        <div class=\"grid grid-cols-10 flex items-center sm:gap-16 mb-24\">\n            <div class=\"col-span-10 sm:col-span-5\">\n                <span class=\"text-pink text-7xl md:text-9xl font-bold\">4<\/span>\n\t\t        <h2>Gestisci la tua spesa<\/h2>\n<p>Quando hai finito di sciare, puoi visualizzare la tua attivit\u00e0 e archivio con i pagamenti sulla nostra app Alto.Ski. Se hai intenzione di fermarti per pi\u00f9 giorni pagherai solo a pro rata per i giorni consecutivi. Pi\u00f9 scii meno paghi. Le informazioni addizionali sono presenti nella rubrica &#8220;Help&#8221;.<\/p>\n            <\/div>\n            <div class=\"col-span-10 sm:col-span-5\">\n\t\t        <img loading=\"lazy\" decoding=\"async\" width=\"285\" height=\"489\" src=\"https:\/\/www.alto.ski\/it\/wp-content\/uploads\/sites\/2\/2023\/01\/Phone.png\" class=\"attachment-full size-full\" alt=\"Phone\" \/>            <\/div>\n\n        <\/div>\n\t\t\t        <div class=\"grid grid-cols-10 flex items-center sm:gap-16 mb-24\">\n            <div class=\"col-span-10 sm:col-span-5 sm:order-1\">\n                <span class=\"text-pink text-7xl md:text-9xl font-bold\">5<\/span>\n\t\t        <h2>Scopri Alto.Ski<\/h2>\n<p>Ecco tutto ci\u00f2 che c&#8217;\u00e8 da fare! Ora vai a sciare e prova tutto quello che i comprensori Alto.Ski hanno da offrire.<\/p>\n<p><a class=\"wp-block-button__link wp-element-button\" href=\"https:\/\/www.alto.ski\/it\/resorts\/\">I nostri resort<\/a><\/p>\n            <\/div>\n            <div class=\"col-span-10 sm:col-span-5 sm:order-0\">\n\t\t        <img loading=\"lazy\" decoding=\"async\" width=\"800\" height=\"832\" src=\"https:\/\/www.alto.ski\/it\/wp-content\/uploads\/sites\/2\/2023\/01\/Parent.png\" class=\"attachment-full size-full\" alt=\"Family\" \/>            <\/div>\n\n        <\/div>\n\t\n<\/div>\n","protected":false},"excerpt":{"rendered":"","protected":false},"author":1,"featured_media":0,"parent":0,"menu_order":0,"comment_status":"closed","ping_status":"closed","template":"","meta":{"_acf_changed":false,"editor_notices":[],"footnotes":""},"class_list":["post-24","page","type-page","status-publish","hentry"],"acf":[],"yoast_head":"<!-- This site is optimized with the Yoast SEO plugin v26.1.1 - https:\/\/yoast.com\/wordpress\/plugins\/seo\/ -->\n<title>Come funziona - Alto.Ski (Italiano)<\/title>\n<meta name=\"robots\" content=\"index, follow, max-snippet:-1, max-image-preview:large, max-video-preview:-1\" \/>\n<link rel=\"canonical\" href=\"https:\/\/www.alto.ski\/it\/come-funziona\/\" \/>\n<meta property=\"og:locale\" content=\"it_IT\" \/>\n<meta property=\"og:type\" content=\"article\" \/>\n<meta property=\"og:title\" content=\"Come funziona - Alto.Ski (Italiano)\" \/>\n<meta property=\"og:url\" content=\"https:\/\/www.alto.ski\/it\/come-funziona\/\" \/>\n<meta property=\"og:site_name\" content=\"Alto.Ski (Italiano)\" \/>\n<meta property=\"article:modified_time\" content=\"2023-01-18T17:11:50+00:00\" \/>\n<meta name=\"twitter:card\" content=\"summary_large_image\" \/>\n<script type=\"application\/ld+json\" class=\"yoast-schema-graph\">{\"@context\":\"https:\/\/schema.org\",\"@graph\":[{\"@type\":\"WebPage\",\"@id\":\"https:\/\/www.alto.ski\/it\/come-funziona\/\",\"url\":\"https:\/\/www.alto.ski\/it\/come-funziona\/\",\"name\":\"Come funziona - Alto.Ski (Italiano)\",\"isPartOf\":{\"@id\":\"https:\/\/www.alto.ski\/it\/#website\"},\"datePublished\":\"2023-01-10T22:23:04+00:00\",\"dateModified\":\"2023-01-18T17:11:50+00:00\",\"breadcrumb\":{\"@id\":\"https:\/\/www.alto.ski\/it\/come-funziona\/#breadcrumb\"},\"inLanguage\":\"it-IT\",\"potentialAction\":[{\"@type\":\"ReadAction\",\"target\":[\"https:\/\/www.alto.ski\/it\/come-funziona\/\"]}]},{\"@type\":\"BreadcrumbList\",\"@id\":\"https:\/\/www.alto.ski\/it\/come-funziona\/#breadcrumb\",\"itemListElement\":[{\"@type\":\"ListItem\",\"position\":1,\"name\":\"Home\",\"item\":\"https:\/\/www.alto.ski\/it\/\"},{\"@type\":\"ListItem\",\"position\":2,\"name\":\"Come funziona\"}]},{\"@type\":\"WebSite\",\"@id\":\"https:\/\/www.alto.ski\/it\/#website\",\"url\":\"https:\/\/www.alto.ski\/it\/\",\"name\":\"Alto.Ski\",\"description\":\"\",\"publisher\":{\"@id\":\"https:\/\/www.alto.ski\/it\/#organization\"},\"potentialAction\":[{\"@type\":\"SearchAction\",\"target\":{\"@type\":\"EntryPoint\",\"urlTemplate\":\"https:\/\/www.alto.ski\/it\/?s={search_term_string}\"},\"query-input\":{\"@type\":\"PropertyValueSpecification\",\"valueRequired\":true,\"valueName\":\"search_term_string\"}}],\"inLanguage\":\"it-IT\"},{\"@type\":[\"Organization\",\"Place\"],\"@id\":\"https:\/\/www.alto.ski\/it\/#organization\",\"name\":\"Alto.Ski\",\"alternateName\":\"Alto Group Limited\",\"url\":\"https:\/\/www.alto.ski\/it\/\",\"logo\":{\"@type\":\"ImageObject\",\"inLanguage\":\"it-IT\",\"@id\":\"https:\/\/www.alto.ski\/it\/#\/schema\/logo\/image\/\",\"url\":\"https:\/\/www.alto.ski\/it\/wp-content\/uploads\/sites\/2\/2023\/02\/altoski-logo.png\",\"contentUrl\":\"https:\/\/www.alto.ski\/it\/wp-content\/uploads\/sites\/2\/2023\/02\/altoski-logo.png\",\"width\":300,\"height\":71,\"caption\":\"Alto.Ski\"},\"image\":{\"@id\":\"https:\/\/www.alto.ski\/it\/#\/schema\/logo\/image\/\"},\"mainEntityOfPage\":{\"@id\":\"https:\/\/www.alto.ski\/it\/come-funziona\/\"}}]}<\/script>\n<!-- \/ Yoast SEO plugin. -->","yoast_head_json":{"title":"Come funziona - Alto.Ski (Italiano)","robots":{"index":"index","follow":"follow","max-snippet":"max-snippet:-1","max-image-preview":"max-image-preview:large","max-video-preview":"max-video-preview:-1"},"canonical":"https:\/\/www.alto.ski\/it\/come-funziona\/","og_locale":"it_IT","og_type":"article","og_title":"Come funziona - Alto.Ski (Italiano)","og_url":"https:\/\/www.alto.ski\/it\/come-funziona\/","og_site_name":"Alto.Ski (Italiano)","article_modified_time":"2023-01-18T17:11:50+00:00","twitter_card":"summary_large_image","schema":{"@context":"https:\/\/schema.org","@graph":[{"@type":"WebPage","@id":"https:\/\/www.alto.ski\/it\/come-funziona\/","url":"https:\/\/www.alto.ski\/it\/come-funziona\/","name":"Come funziona - Alto.Ski (Italiano)","isPartOf":{"@id":"https:\/\/www.alto.ski\/it\/#website"},"datePublished":"2023-01-10T22:23:04+00:00","dateModified":"2023-01-18T17:11:50+00:00","breadcrumb":{"@id":"https:\/\/www.alto.ski\/it\/come-funziona\/#breadcrumb"},"inLanguage":"it-IT","potentialAction":[{"@type":"ReadAction","target":["https:\/\/www.alto.ski\/it\/come-funziona\/"]}]},{"@type":"BreadcrumbList","@id":"https:\/\/www.alto.ski\/it\/come-funziona\/#breadcrumb","itemListElement":[{"@type":"ListItem","position":1,"name":"Home","item":"https:\/\/www.alto.ski\/it\/"},{"@type":"ListItem","position":2,"name":"Come funziona"}]},{"@type":"WebSite","@id":"https:\/\/www.alto.ski\/it\/#website","url":"https:\/\/www.alto.ski\/it\/","name":"Alto.Ski","description":"","publisher":{"@id":"https:\/\/www.alto.ski\/it\/#organization"},"potentialAction":[{"@type":"SearchAction","target":{"@type":"EntryPoint","urlTemplate":"https:\/\/www.alto.ski\/it\/?s={search_term_string}"},"query-input":{"@type":"PropertyValueSpecification","valueRequired":true,"valueName":"search_term_string"}}],"inLanguage":"it-IT"},{"@type":["Organization","Place"],"@id":"https:\/\/www.alto.ski\/it\/#organization","name":"Alto.Ski","alternateName":"Alto Group Limited","url":"https:\/\/www.alto.ski\/it\/","logo":{"@type":"ImageObject","inLanguage":"it-IT","@id":"https:\/\/www.alto.ski\/it\/#\/schema\/logo\/image\/","url":"https:\/\/www.alto.ski\/it\/wp-content\/uploads\/sites\/2\/2023\/02\/altoski-logo.png","contentUrl":"https:\/\/www.alto.ski\/it\/wp-content\/uploads\/sites\/2\/2023\/02\/altoski-logo.png","width":300,"height":71,"caption":"Alto.Ski"},"image":{"@id":"https:\/\/www.alto.ski\/it\/#\/schema\/logo\/image\/"},"mainEntityOfPage":{"@id":"https:\/\/www.alto.ski\/it\/come-funziona\/"}}]}},"_links":{"self":[{"href":"https:\/\/www.alto.ski\/it\/wp-json\/wp\/v2\/pages\/24","targetHints":{"allow":["GET"]}}],"collection":[{"href":"https:\/\/www.alto.ski\/it\/wp-json\/wp\/v2\/pages"}],"about":[{"href":"https:\/\/www.alto.ski\/it\/wp-json\/wp\/v2\/types\/page"}],"author":[{"embeddable":true,"href":"https:\/\/www.alto.ski\/it\/wp-json\/wp\/v2\/users\/1"}],"replies":[{"embeddable":true,"href":"https:\/\/www.alto.ski\/it\/wp-json\/wp\/v2\/comments?post=24"}],"version-history":[{"count":11,"href":"https:\/\/www.alto.ski\/it\/wp-json\/wp\/v2\/pages\/24\/revisions"}],"predecessor-version":[{"id":204,"href":"https:\/\/www.alto.ski\/it\/wp-json\/wp\/v2\/pages\/24\/revisions\/204"}],"wp:attachment":[{"href":"https:\/\/www.alto.ski\/it\/wp-json\/wp\/v2\/media?parent=24"}],"curies":[{"name":"wp","href":"https:\/\/api.w.org\/{rel}","templated":true}]}}