{"id":41,"date":"2022-12-12T18:29:33","date_gmt":"2022-12-12T18:29:33","guid":{"rendered":"https:\/\/www.alto.ski\/?page_id=41"},"modified":"2023-04-09T20:10:48","modified_gmt":"2023-04-09T19:10:48","slug":"how-it-works","status":"publish","type":"page","link":"https:\/\/www.alto.ski\/fr\/how-it-works\/","title":{"rendered":"Comment \u00e7a fonctionne"},"content":{"rendered":"\n<div id=\"\" class=\"alignwide\" style=\"margin-top: 0 !important;\">\n\n\t\n\t\t\t        <div class=\"grid grid-cols-10 flex items-center sm:gap-16 mb-24\">\n            <div class=\"col-span-10 sm:col-span-5 sm:order-1\">\n                <span class=\"text-pink text-7xl md:text-9xl font-bold\">1<\/span>\n\t\t        <h2>Inscrivez-vous et commandez vos cartes de ski<\/h2>\n<p>Enregistrez-vous en ligne ou en utilisant notre application et commandez autant de cartes que vous le souhaitez.<\/p>\n            <\/div>\n            <div class=\"col-span-10 sm:col-span-5 sm:order-0\">\n\t\t        <img loading=\"lazy\" decoding=\"async\" width=\"733\" height=\"537\" src=\"https:\/\/www.alto.ski\/fr\/wp-content\/uploads\/sites\/4\/2023\/01\/User.png\" class=\"attachment-full size-full\" alt=\"Alto.Ski user sat on bench\" \/>            <\/div>\n\n        <\/div>\n\t\t\t        <div class=\"grid grid-cols-10 flex items-center sm:gap-16 mb-24\">\n            <div class=\"col-span-10 sm:col-span-5\">\n                <span class=\"text-pink text-7xl md:text-9xl font-bold\">2<\/span>\n\t\t        <h2>Activez vos cartes<\/h2>\n<p>Scannez les codes QR ou saisissez les num\u00e9ros de carte pour enregistrer vos nouvelles cartes sur votre compte Alto.Ski.<\/p>\n            <\/div>\n            <div class=\"col-span-10 sm:col-span-5\">\n\t\t        <img loading=\"lazy\" decoding=\"async\" width=\"480\" height=\"576\" src=\"https:\/\/www.alto.ski\/fr\/wp-content\/uploads\/sites\/4\/2022\/12\/altoski-cards.webp\" class=\"attachment-full size-full\" alt=\"Alto.Ski ski passes\" \/>            <\/div>\n\n        <\/div>\n\t\t\t        <div class=\"grid grid-cols-10 flex items-center sm:gap-16 mb-24\">\n            <div class=\"col-span-10 sm:col-span-5 sm:order-1\">\n                <span class=\"text-pink text-7xl md:text-9xl font-bold\">3<\/span>\n\t\t        <h2>D\u00e9valez les pistes!<\/h2>\n<p>Utilisez vos cartes de ski pour acc\u00e9der aux installations de la station et aux remont\u00e9es m\u00e9caniques. Ne vous inqui\u00e9tez pas pour la pr\u00e9-r\u00e9servation.<\/p>\n            <\/div>\n            <div class=\"col-span-10 sm:col-span-5 sm:order-0\">\n\t\t        <img loading=\"lazy\" decoding=\"async\" width=\"402\" height=\"360\" src=\"https:\/\/www.alto.ski\/fr\/wp-content\/uploads\/sites\/4\/2023\/01\/Skier.png\" class=\"attachment-full size-full\" alt=\"Skier\" \/>            <\/div>\n\n        <\/div>\n\t\t\t        <div class=\"grid grid-cols-10 flex items-center sm:gap-16 mb-24\">\n            <div class=\"col-span-10 sm:col-span-5\">\n                <span class=\"text-pink text-7xl md:text-9xl font-bold\">4<\/span>\n\t\t        <h2>G\u00e9rez vos d\u00e9penses<\/h2>\n<p>Lorsque vous avez fini de skier, vous pouvez consulter votre activit\u00e9 sur notre application ou notre site Web. Si vous pr\u00e9voyez de rester un certain temps, nous vous offrirons la possibilit\u00e9 d&rsquo;acheter des forfaits de ski directement dans l&rsquo;application.<\/p>\n            <\/div>\n            <div class=\"col-span-10 sm:col-span-5\">\n\t\t        <img loading=\"lazy\" decoding=\"async\" width=\"285\" height=\"489\" src=\"https:\/\/www.alto.ski\/fr\/wp-content\/uploads\/sites\/4\/2023\/01\/Phone.png\" class=\"attachment-full size-full\" alt=\"Hand holding phone\" \/>            <\/div>\n\n        <\/div>\n\t\t\t        <div class=\"grid grid-cols-10 flex items-center sm:gap-16 mb-24\">\n            <div class=\"col-span-10 sm:col-span-5 sm:order-1\">\n                <span class=\"text-pink text-7xl md:text-9xl font-bold\">5<\/span>\n\t\t        <h2>D\u00e9couvrez Alto.Ski<\/h2>\n<p>C&rsquo;est tout ce qu&rsquo;on peut en dire! Maintenant, sortez et d\u00e9couvrez tout ce que les stations de ski Alto.ski ont \u00e0 offrir.<\/p>\n<p><a class=\"wp-block-button__link wp-element-button\" href=\"https:\/\/www.alto.ski\/fr\/resorts\/\">Nos stations de ski<\/a><\/p>\n            <\/div>\n            <div class=\"col-span-10 sm:col-span-5 sm:order-0\">\n\t\t        <img loading=\"lazy\" decoding=\"async\" width=\"800\" height=\"832\" src=\"https:\/\/www.alto.ski\/fr\/wp-content\/uploads\/sites\/4\/2023\/01\/Parent.png\" class=\"attachment-full size-full\" alt=\"Family skiing\" \/>            <\/div>\n\n        <\/div>\n\t\n<\/div>\n","protected":false},"excerpt":{"rendered":"","protected":false},"author":1,"featured_media":0,"parent":0,"menu_order":0,"comment_status":"closed","ping_status":"closed","template":"","meta":{"_acf_changed":false,"editor_notices":[],"footnotes":""},"class_list":["post-41","page","type-page","status-publish","hentry"],"acf":[],"yoast_head":"<!-- This site is optimized with the Yoast SEO plugin v26.1.1 - https:\/\/yoast.com\/wordpress\/plugins\/seo\/ -->\n<title>Comment \u00e7a fonctionne - Alto.Ski (Fran\u00e7ais)<\/title>\n<meta name=\"robots\" content=\"index, follow, max-snippet:-1, max-image-preview:large, max-video-preview:-1\" \/>\n<link rel=\"canonical\" href=\"https:\/\/www.alto.ski\/fr\/how-it-works\/\" \/>\n<meta property=\"og:locale\" content=\"fr_FR\" \/>\n<meta property=\"og:type\" content=\"article\" \/>\n<meta property=\"og:title\" content=\"Comment \u00e7a fonctionne - Alto.Ski (Fran\u00e7ais)\" \/>\n<meta property=\"og:url\" content=\"https:\/\/www.alto.ski\/fr\/how-it-works\/\" \/>\n<meta property=\"og:site_name\" content=\"Alto.Ski (Fran\u00e7ais)\" \/>\n<meta property=\"article:modified_time\" content=\"2023-04-09T19:10:48+00:00\" \/>\n<meta name=\"twitter:card\" content=\"summary_large_image\" \/>\n<script type=\"application\/ld+json\" class=\"yoast-schema-graph\">{\"@context\":\"https:\/\/schema.org\",\"@graph\":[{\"@type\":\"WebPage\",\"@id\":\"https:\/\/www.alto.ski\/fr\/how-it-works\/\",\"url\":\"https:\/\/www.alto.ski\/fr\/how-it-works\/\",\"name\":\"Comment \u00e7a fonctionne - Alto.Ski (Fran\u00e7ais)\",\"isPartOf\":{\"@id\":\"https:\/\/www.alto.ski\/fr\/#website\"},\"datePublished\":\"2022-12-12T18:29:33+00:00\",\"dateModified\":\"2023-04-09T19:10:48+00:00\",\"breadcrumb\":{\"@id\":\"https:\/\/www.alto.ski\/fr\/how-it-works\/#breadcrumb\"},\"inLanguage\":\"fr-FR\",\"potentialAction\":[{\"@type\":\"ReadAction\",\"target\":[\"https:\/\/www.alto.ski\/fr\/how-it-works\/\"]}]},{\"@type\":\"BreadcrumbList\",\"@id\":\"https:\/\/www.alto.ski\/fr\/how-it-works\/#breadcrumb\",\"itemListElement\":[{\"@type\":\"ListItem\",\"position\":1,\"name\":\"Home\",\"item\":\"https:\/\/www.alto.ski\/fr\/\"},{\"@type\":\"ListItem\",\"position\":2,\"name\":\"Comment \u00e7a fonctionne\"}]},{\"@type\":\"WebSite\",\"@id\":\"https:\/\/www.alto.ski\/fr\/#website\",\"url\":\"https:\/\/www.alto.ski\/fr\/\",\"name\":\"Alto.Ski (Fran\u00e7ais)\",\"description\":\"\",\"potentialAction\":[{\"@type\":\"SearchAction\",\"target\":{\"@type\":\"EntryPoint\",\"urlTemplate\":\"https:\/\/www.alto.ski\/fr\/?s={search_term_string}\"},\"query-input\":{\"@type\":\"PropertyValueSpecification\",\"valueRequired\":true,\"valueName\":\"search_term_string\"}}],\"inLanguage\":\"fr-FR\"}]}<\/script>\n<!-- \/ Yoast SEO plugin. -->","yoast_head_json":{"title":"Comment \u00e7a fonctionne - Alto.Ski (Fran\u00e7ais)","robots":{"index":"index","follow":"follow","max-snippet":"max-snippet:-1","max-image-preview":"max-image-preview:large","max-video-preview":"max-video-preview:-1"},"canonical":"https:\/\/www.alto.ski\/fr\/how-it-works\/","og_locale":"fr_FR","og_type":"article","og_title":"Comment \u00e7a fonctionne - Alto.Ski (Fran\u00e7ais)","og_url":"https:\/\/www.alto.ski\/fr\/how-it-works\/","og_site_name":"Alto.Ski (Fran\u00e7ais)","article_modified_time":"2023-04-09T19:10:48+00:00","twitter_card":"summary_large_image","schema":{"@context":"https:\/\/schema.org","@graph":[{"@type":"WebPage","@id":"https:\/\/www.alto.ski\/fr\/how-it-works\/","url":"https:\/\/www.alto.ski\/fr\/how-it-works\/","name":"Comment \u00e7a fonctionne - Alto.Ski (Fran\u00e7ais)","isPartOf":{"@id":"https:\/\/www.alto.ski\/fr\/#website"},"datePublished":"2022-12-12T18:29:33+00:00","dateModified":"2023-04-09T19:10:48+00:00","breadcrumb":{"@id":"https:\/\/www.alto.ski\/fr\/how-it-works\/#breadcrumb"},"inLanguage":"fr-FR","potentialAction":[{"@type":"ReadAction","target":["https:\/\/www.alto.ski\/fr\/how-it-works\/"]}]},{"@type":"BreadcrumbList","@id":"https:\/\/www.alto.ski\/fr\/how-it-works\/#breadcrumb","itemListElement":[{"@type":"ListItem","position":1,"name":"Home","item":"https:\/\/www.alto.ski\/fr\/"},{"@type":"ListItem","position":2,"name":"Comment \u00e7a fonctionne"}]},{"@type":"WebSite","@id":"https:\/\/www.alto.ski\/fr\/#website","url":"https:\/\/www.alto.ski\/fr\/","name":"Alto.Ski (Fran\u00e7ais)","description":"","potentialAction":[{"@type":"SearchAction","target":{"@type":"EntryPoint","urlTemplate":"https:\/\/www.alto.ski\/fr\/?s={search_term_string}"},"query-input":{"@type":"PropertyValueSpecification","valueRequired":true,"valueName":"search_term_string"}}],"inLanguage":"fr-FR"}]}},"_links":{"self":[{"href":"https:\/\/www.alto.ski\/fr\/wp-json\/wp\/v2\/pages\/41","targetHints":{"allow":["GET"]}}],"collection":[{"href":"https:\/\/www.alto.ski\/fr\/wp-json\/wp\/v2\/pages"}],"about":[{"href":"https:\/\/www.alto.ski\/fr\/wp-json\/wp\/v2\/types\/page"}],"author":[{"embeddable":true,"href":"https:\/\/www.alto.ski\/fr\/wp-json\/wp\/v2\/users\/1"}],"replies":[{"embeddable":true,"href":"https:\/\/www.alto.ski\/fr\/wp-json\/wp\/v2\/comments?post=41"}],"version-history":[{"count":8,"href":"https:\/\/www.alto.ski\/fr\/wp-json\/wp\/v2\/pages\/41\/revisions"}],"predecessor-version":[{"id":322,"href":"https:\/\/www.alto.ski\/fr\/wp-json\/wp\/v2\/pages\/41\/revisions\/322"}],"wp:attachment":[{"href":"https:\/\/www.alto.ski\/fr\/wp-json\/wp\/v2\/media?parent=41"}],"curies":[{"name":"wp","href":"https:\/\/api.w.org\/{rel}","templated":true}]}}