{"id":41,"date":"2022-12-12T18:29:33","date_gmt":"2022-12-12T18:29:33","guid":{"rendered":"https:\/\/www.alto.ski\/?page_id=41"},"modified":"2023-04-09T20:09:56","modified_gmt":"2023-04-09T19:09:56","slug":"how-it-works","status":"publish","type":"page","link":"https:\/\/www.alto.ski\/de\/how-it-works\/","title":{"rendered":"Wie es funktioniert"},"content":{"rendered":"\n<div id=\"\" class=\"alignwide\" style=\"margin-top: 0 !important;\">\n\n\t\n\t\t\t        <div class=\"grid grid-cols-10 flex items-center sm:gap-16 mb-24\">\n            <div class=\"col-span-10 sm:col-span-5 sm:order-1\">\n                <span class=\"text-pink text-7xl md:text-9xl font-bold\">1<\/span>\n\t\t        <h2>Anmelden &amp; Skikarten bestellen<\/h2>\n<p>Registrieren Sie sich online oder \u00fcber unsere App und bestellen Sie so viele Karten wie Sie ben\u00f6tigen.<\/p>\n            <\/div>\n            <div class=\"col-span-10 sm:col-span-5 sm:order-0\">\n\t\t        <img loading=\"lazy\" decoding=\"async\" width=\"733\" height=\"537\" src=\"https:\/\/www.alto.ski\/de\/wp-content\/uploads\/sites\/3\/2023\/04\/User.png\" class=\"attachment-full size-full\" alt=\"User\" \/>            <\/div>\n\n        <\/div>\n\t\t\t        <div class=\"grid grid-cols-10 flex items-center sm:gap-16 mb-24\">\n            <div class=\"col-span-10 sm:col-span-5\">\n                <span class=\"text-pink text-7xl md:text-9xl font-bold\">2<\/span>\n\t\t        <h2>Aktivieren Sie Ihre Karten<\/h2>\n<p>Scannen Sie die QR-Codes oder geben Sie die Kartennummern ein, um Ihre neuen Karten in Ihrem Alto.ski-Konto zu registrieren.<\/p>\n            <\/div>\n            <div class=\"col-span-10 sm:col-span-5\">\n\t\t        <img loading=\"lazy\" decoding=\"async\" width=\"480\" height=\"576\" src=\"https:\/\/www.alto.ski\/de\/wp-content\/uploads\/sites\/3\/2023\/04\/altoski-cards.webp\" class=\"attachment-full size-full\" alt=\"Alto.Ski cards\" \/>            <\/div>\n\n        <\/div>\n\t\t\t        <div class=\"grid grid-cols-10 flex items-center sm:gap-16 mb-24\">\n            <div class=\"col-span-10 sm:col-span-5 sm:order-1\">\n                <span class=\"text-pink text-7xl md:text-9xl font-bold\">3<\/span>\n\t\t        <h2>Ab auf die Piste!<\/h2>\n<p>Nutzen Sie Ihre Skikarten f\u00fcr den Zugang zu den Einrichtungen des Resorts und den Skiliften. Machen Sie sich keine Sorgen um die Vorbestellung.<\/p>\n            <\/div>\n            <div class=\"col-span-10 sm:col-span-5 sm:order-0\">\n\t\t        <img loading=\"lazy\" decoding=\"async\" width=\"402\" height=\"360\" src=\"https:\/\/www.alto.ski\/de\/wp-content\/uploads\/sites\/3\/2023\/04\/Skier.png\" class=\"attachment-full size-full\" alt=\"\" \/>            <\/div>\n\n        <\/div>\n\t\t\t        <div class=\"grid grid-cols-10 flex items-center sm:gap-16 mb-24\">\n            <div class=\"col-span-10 sm:col-span-5\">\n                <span class=\"text-pink text-7xl md:text-9xl font-bold\">4<\/span>\n\t\t        <h2>Verwalten Sie Ihre Ausgaben<\/h2>\n<p>Wenn Sie mit dem Skifahren fertig sind, k\u00f6nnen Sie Ihre Aktivit\u00e4t auf unserer App oder Website anzeigen. Bei einem l\u00e4ngeren Aufenthalt bieten wir Ihnen die M\u00f6glichkeit, Skip\u00e4sse direkt in der App zu kaufen.<\/p>\n            <\/div>\n            <div class=\"col-span-10 sm:col-span-5\">\n\t\t        <img loading=\"lazy\" decoding=\"async\" width=\"285\" height=\"489\" src=\"https:\/\/www.alto.ski\/de\/wp-content\/uploads\/sites\/3\/2023\/04\/Phone.png\" class=\"attachment-full size-full\" alt=\"Hand holding phone\" \/>            <\/div>\n\n        <\/div>\n\t\t\t        <div class=\"grid grid-cols-10 flex items-center sm:gap-16 mb-24\">\n            <div class=\"col-span-10 sm:col-span-5 sm:order-1\">\n                <span class=\"text-pink text-7xl md:text-9xl font-bold\">5<\/span>\n\t\t        <h2>Entdecken Sie Alto.Ski<\/h2>\n<p>Das ist alles dazu! Gehen Sie jetzt raus und erleben Sie alles, was Alto.ski-Resorts zu bieten haben.<\/p>\n<p><a class=\"wp-block-button__link wp-element-button\" href=\"https:\/\/www.alto.ski\/de\/resorts\/\">Unsere Skigebiete<\/a><\/p>\n            <\/div>\n            <div class=\"col-span-10 sm:col-span-5 sm:order-0\">\n\t\t        <img loading=\"lazy\" decoding=\"async\" width=\"800\" height=\"832\" src=\"https:\/\/www.alto.ski\/de\/wp-content\/uploads\/sites\/3\/2023\/04\/Parent.png\" class=\"attachment-full size-full\" alt=\"Family skiing\" \/>            <\/div>\n\n        <\/div>\n\t\n<\/div>\n","protected":false},"excerpt":{"rendered":"","protected":false},"author":1,"featured_media":0,"parent":0,"menu_order":0,"comment_status":"closed","ping_status":"closed","template":"","meta":{"_acf_changed":false,"editor_notices":[],"footnotes":""},"class_list":["post-41","page","type-page","status-publish","hentry"],"acf":[],"yoast_head":"<!-- This site is optimized with the Yoast SEO plugin v26.1.1 - https:\/\/yoast.com\/wordpress\/plugins\/seo\/ -->\n<title>Wie es funktioniert - Alto.Ski (Deutsch)<\/title>\n<meta name=\"robots\" content=\"index, follow, max-snippet:-1, max-image-preview:large, max-video-preview:-1\" \/>\n<link rel=\"canonical\" href=\"https:\/\/www.alto.ski\/de\/how-it-works\/\" \/>\n<meta property=\"og:locale\" content=\"de_DE\" \/>\n<meta property=\"og:type\" content=\"article\" \/>\n<meta property=\"og:title\" content=\"Wie es funktioniert - Alto.Ski (Deutsch)\" \/>\n<meta property=\"og:url\" content=\"https:\/\/www.alto.ski\/de\/how-it-works\/\" \/>\n<meta property=\"og:site_name\" content=\"Alto.Ski (Deutsch)\" \/>\n<meta property=\"article:modified_time\" content=\"2023-04-09T19:09:56+00:00\" \/>\n<meta name=\"twitter:card\" content=\"summary_large_image\" \/>\n<script type=\"application\/ld+json\" class=\"yoast-schema-graph\">{\"@context\":\"https:\/\/schema.org\",\"@graph\":[{\"@type\":\"WebPage\",\"@id\":\"https:\/\/www.alto.ski\/de\/how-it-works\/\",\"url\":\"https:\/\/www.alto.ski\/de\/how-it-works\/\",\"name\":\"Wie es funktioniert - Alto.Ski (Deutsch)\",\"isPartOf\":{\"@id\":\"https:\/\/www.alto.ski\/de\/#website\"},\"datePublished\":\"2022-12-12T18:29:33+00:00\",\"dateModified\":\"2023-04-09T19:09:56+00:00\",\"breadcrumb\":{\"@id\":\"https:\/\/www.alto.ski\/de\/how-it-works\/#breadcrumb\"},\"inLanguage\":\"de\",\"potentialAction\":[{\"@type\":\"ReadAction\",\"target\":[\"https:\/\/www.alto.ski\/de\/how-it-works\/\"]}]},{\"@type\":\"BreadcrumbList\",\"@id\":\"https:\/\/www.alto.ski\/de\/how-it-works\/#breadcrumb\",\"itemListElement\":[{\"@type\":\"ListItem\",\"position\":1,\"name\":\"Home\",\"item\":\"https:\/\/www.alto.ski\/de\/\"},{\"@type\":\"ListItem\",\"position\":2,\"name\":\"Wie es funktioniert\"}]},{\"@type\":\"WebSite\",\"@id\":\"https:\/\/www.alto.ski\/de\/#website\",\"url\":\"https:\/\/www.alto.ski\/de\/\",\"name\":\"Alto.Ski (Deutsch)\",\"description\":\"\",\"potentialAction\":[{\"@type\":\"SearchAction\",\"target\":{\"@type\":\"EntryPoint\",\"urlTemplate\":\"https:\/\/www.alto.ski\/de\/?s={search_term_string}\"},\"query-input\":{\"@type\":\"PropertyValueSpecification\",\"valueRequired\":true,\"valueName\":\"search_term_string\"}}],\"inLanguage\":\"de\"}]}<\/script>\n<!-- \/ Yoast SEO plugin. -->","yoast_head_json":{"title":"Wie es funktioniert - Alto.Ski (Deutsch)","robots":{"index":"index","follow":"follow","max-snippet":"max-snippet:-1","max-image-preview":"max-image-preview:large","max-video-preview":"max-video-preview:-1"},"canonical":"https:\/\/www.alto.ski\/de\/how-it-works\/","og_locale":"de_DE","og_type":"article","og_title":"Wie es funktioniert - Alto.Ski (Deutsch)","og_url":"https:\/\/www.alto.ski\/de\/how-it-works\/","og_site_name":"Alto.Ski (Deutsch)","article_modified_time":"2023-04-09T19:09:56+00:00","twitter_card":"summary_large_image","schema":{"@context":"https:\/\/schema.org","@graph":[{"@type":"WebPage","@id":"https:\/\/www.alto.ski\/de\/how-it-works\/","url":"https:\/\/www.alto.ski\/de\/how-it-works\/","name":"Wie es funktioniert - Alto.Ski (Deutsch)","isPartOf":{"@id":"https:\/\/www.alto.ski\/de\/#website"},"datePublished":"2022-12-12T18:29:33+00:00","dateModified":"2023-04-09T19:09:56+00:00","breadcrumb":{"@id":"https:\/\/www.alto.ski\/de\/how-it-works\/#breadcrumb"},"inLanguage":"de","potentialAction":[{"@type":"ReadAction","target":["https:\/\/www.alto.ski\/de\/how-it-works\/"]}]},{"@type":"BreadcrumbList","@id":"https:\/\/www.alto.ski\/de\/how-it-works\/#breadcrumb","itemListElement":[{"@type":"ListItem","position":1,"name":"Home","item":"https:\/\/www.alto.ski\/de\/"},{"@type":"ListItem","position":2,"name":"Wie es funktioniert"}]},{"@type":"WebSite","@id":"https:\/\/www.alto.ski\/de\/#website","url":"https:\/\/www.alto.ski\/de\/","name":"Alto.Ski (Deutsch)","description":"","potentialAction":[{"@type":"SearchAction","target":{"@type":"EntryPoint","urlTemplate":"https:\/\/www.alto.ski\/de\/?s={search_term_string}"},"query-input":{"@type":"PropertyValueSpecification","valueRequired":true,"valueName":"search_term_string"}}],"inLanguage":"de"}]}},"_links":{"self":[{"href":"https:\/\/www.alto.ski\/de\/wp-json\/wp\/v2\/pages\/41","targetHints":{"allow":["GET"]}}],"collection":[{"href":"https:\/\/www.alto.ski\/de\/wp-json\/wp\/v2\/pages"}],"about":[{"href":"https:\/\/www.alto.ski\/de\/wp-json\/wp\/v2\/types\/page"}],"author":[{"embeddable":true,"href":"https:\/\/www.alto.ski\/de\/wp-json\/wp\/v2\/users\/1"}],"replies":[{"embeddable":true,"href":"https:\/\/www.alto.ski\/de\/wp-json\/wp\/v2\/comments?post=41"}],"version-history":[{"count":11,"href":"https:\/\/www.alto.ski\/de\/wp-json\/wp\/v2\/pages\/41\/revisions"}],"predecessor-version":[{"id":364,"href":"https:\/\/www.alto.ski\/de\/wp-json\/wp\/v2\/pages\/41\/revisions\/364"}],"wp:attachment":[{"href":"https:\/\/www.alto.ski\/de\/wp-json\/wp\/v2\/media?parent=41"}],"curies":[{"name":"wp","href":"https:\/\/api.w.org\/{rel}","templated":true}]}}